{"id":2635,"date":"2021-02-16T13:04:05","date_gmt":"2021-02-16T12:04:05","guid":{"rendered":"https:\/\/www.allsecure.eu\/services\/"},"modified":"2021-02-16T13:04:05","modified_gmt":"2021-02-16T12:04:05","slug":"usluge","status":"publish","type":"page","link":"https:\/\/new.allsecure.rs\/?page_id=2635","title":{"rendered":"Portfolio Usluga"},"content":{"rendered":"\t\t<div data-elementor-type=\"wp-page\" data-elementor-id=\"2635\" class=\"elementor elementor-2635\">\n\t\t\t\t\t\t<section class=\"elementor-section elementor-top-section elementor-element elementor-element-8a27879 elementor-section-full_width elementor-section-height-default elementor-section-height-default\" data-id=\"8a27879\" data-element_type=\"section\">\n\t\t\t\t\t\t<div class=\"elementor-container elementor-column-gap-no\">\n\t\t\t\t\t<div class=\"elementor-column elementor-col-100 elementor-top-column elementor-element elementor-element-3833e72\" data-id=\"3833e72\" data-element_type=\"column\">\n\t\t\t<div class=\"elementor-widget-wrap elementor-element-populated\">\n\t\t\t\t\t\t<div class=\"elementor-element elementor-element-c24750e elementor-widget elementor-widget-saasland_hero\" data-id=\"c24750e\" data-element_type=\"widget\" data-widget_type=\"saasland_hero.default\">\n\t\t\t\t<div class=\"elementor-widget-container\">\n\t\t\t\t\t<section class=\"home_analytics_banner_area\">\r\n    <div class=\"elements\">\r\n                                                    <\/div>\r\n    <div class=\"container\">\r\n        <div class=\"row align-items-center\">\r\n            <div class=\"col-lg-6\">\r\n                <div class=\"h_analytics_content\">\r\n                                            <h1 class=\"typewrite_title saasland_html_class_color\">\r\n                            \u0160IROK SPEKTAR USLUGA                        <\/h1>\r\n                                        <p>Internet pla\u0107anja skrojena<br \/> po Va\u0161im zahtevima<\/p>\n                                    <\/div>\r\n            <\/div>\r\n            <div class=\"col-lg-6\">\r\n                <div class=\"h_analytices_img\">\r\n                                    <\/div>\r\n            <\/div>\r\n        <\/div>\r\n    <\/div>\r\n<\/section>\r\n\r\n\t\t\t\t<\/div>\n\t\t\t\t<\/div>\n\t\t\t\t\t<\/div>\n\t\t<\/div>\n\t\t\t\t\t<\/div>\n\t\t<\/section>\n\t\t\t\t<section class=\"elementor-section elementor-top-section elementor-element elementor-element-0f84582 elementor-section-boxed elementor-section-height-default elementor-section-height-default\" data-id=\"0f84582\" data-element_type=\"section\" data-settings=\"{&quot;background_background&quot;:&quot;classic&quot;}\">\n\t\t\t\t\t\t<div class=\"elementor-container elementor-column-gap-default\">\n\t\t\t\t\t<div class=\"elementor-column elementor-col-100 elementor-top-column elementor-element elementor-element-14179e5\" data-id=\"14179e5\" data-element_type=\"column\">\n\t\t\t<div class=\"elementor-widget-wrap elementor-element-populated\">\n\t\t\t\t\t\t<div class=\"elementor-element elementor-element-6279876 elementor-widget elementor-widget-Saasland_heading\" data-id=\"6279876\" data-element_type=\"widget\" data-widget_type=\"Saasland_heading.default\">\n\t\t\t\t<div class=\"elementor-widget-container\">\n\t\t\t\t\t<div class=\"heading_wrap d-flex justify-content-start\"><h3 class=\"saasland_heading\" >Ceo Spektar Usluga online pla\u0107anja <\/h3><\/div>\t\t\t\t<\/div>\n\t\t\t\t<\/div>\n\t\t\t\t<div class=\"elementor-element elementor-element-28b1e71 elementor-widget elementor-widget-text-editor\" data-id=\"28b1e71\" data-element_type=\"widget\" data-widget_type=\"text-editor.default\">\n\t\t\t\t<div class=\"elementor-widget-container\">\n\t\t\t\t\t\t\t\t\t<p>Koristimo vode\u0107e globalne tehnologije kako bi podr\u017eali ceo portfolio usluga pla\u0107anja svim na\u0161im trgovcima. Bez obzira da li je va\u0161 internet biznis lokalni, regionalni ili globalni, u\u017eiva\u0107ete u mogu\u0107nostima efikasnih, stabilnih, bezbednih i modernih opcija procesiranja elektronskih pla\u0107anja. Na\u0161a tehnologija omogu\u0107uje jednostavno globalno ili regionalno \u0161irenje i brzo pokretanje novih tr\u017ei\u0161ta koriste\u0107i mre\u017eu od blizu 100 ve\u0107 povezanih banaka \/ prihvatilaca i metoda pla\u0107anja, uz konstantan rad na daljem pro\u0161irenju.<\/p>\t\t\t\t\t\t\t\t<\/div>\n\t\t\t\t<\/div>\n\t\t\t\t\t<\/div>\n\t\t<\/div>\n\t\t\t\t\t<\/div>\n\t\t<\/section>\n\t\t\t\t<section class=\"elementor-section elementor-top-section elementor-element elementor-element-88fc13c elementor-section-boxed elementor-section-height-default elementor-section-height-default\" data-id=\"88fc13c\" data-element_type=\"section\">\n\t\t\t\t\t\t<div class=\"elementor-container elementor-column-gap-default\">\n\t\t\t\t\t<div class=\"elementor-column elementor-col-100 elementor-top-column elementor-element elementor-element-a6dd5de\" data-id=\"a6dd5de\" data-element_type=\"column\">\n\t\t\t<div class=\"elementor-widget-wrap elementor-element-populated\">\n\t\t\t\t\t\t<div class=\"elementor-element elementor-element-490344c elementor-invisible elementor-widget elementor-widget-saasland_main_features\" data-id=\"490344c\" data-element_type=\"widget\" data-settings=\"{&quot;_animation&quot;:&quot;fadeInLeft&quot;}\" data-widget_type=\"saasland_main_features.default\">\n\t\t\t\t<div class=\"elementor-widget-container\">\n\t\t\t\t\t<section class=\"hosting_service_area sec_pad\">\r\n    <div class=\"container\">\r\n        <div class=\"hosting_title text-center\">\r\n                        <\/div>\r\n    <div class=\"container\">\r\n        <div class=\"row\">\r\n                                <div class=\"col-lg-4 col-sm-6 elementor-repeater-item-d18b534\">\r\n                        <div class=\"hosting_service_item\">\r\n                            <div class=\"icon\">\r\n                                                            <\/div>\r\n                                                             <a href=\"https:\/\/www.allsecure.rs\/usluge\/payment-gateway\/\">                                 <h3 class=\"h_head\"> Payment Gateway Usluge <\/h3>\r\n                                 <\/a>                                                                                         <p>Tehni\u010dka infrastruktura koja predstavlja jedan od  najve\u0107ih nezavisnih globalnih gateway sistema za rutiranje elektronskih pla\u0107anja koji koristi vi\u0161e hiljada internet trgovaca.<\/p>\n                                                    <\/div>\r\n                    <\/div>\r\n                                        <div class=\"col-lg-4 col-sm-6 elementor-repeater-item-1893838\">\r\n                        <div class=\"hosting_service_item\">\r\n                            <div class=\"icon\">\r\n                                                            <\/div>\r\n                                                             <a href=\"https:\/\/www.allsecure.rs\/usluge\/prevencija-rizika\/\">                                 <h3 class=\"h_head\"> Sistem Prevencije Rizika <\/h3>\r\n                                 <\/a>                                                                                         <p>\u0160irok spektar filtera za detekciju prevara, uz primenu aplikacija koje slu\u017ee ubrzavanju pla\u0107anja i smanjenju broja reklamacija, \u010dini internet poslovanje bezbednim i komfornim.<\/p>\n                                                    <\/div>\r\n                    <\/div>\r\n                                        <div class=\"col-lg-4 col-sm-6 elementor-repeater-item-2fcdd63\">\r\n                        <div class=\"hosting_service_item\">\r\n                            <div class=\"icon\">\r\n                                                            <\/div>\r\n                                                             <a href=\"https:\/\/www.allsecure.rs\/usluge\/integracija-placanja\/\">                                 <h3 class=\"h_head\"> Jednostavna Integracija <\/h3>\r\n                                 <\/a>                                                                                         <p>Razli\u010dite opcije integracije pla\u0107anja  dostupne na\u0161im trgovcima primenom najsavremenijih tehnologija omogu\u0107avaju zadr\u017eavanje potpune kontrole iskustva pla\u0107anja i visoke stope konverzije.<\/p>\n                                                    <\/div>\r\n                    <\/div>\r\n                                        <div class=\"col-lg-4 col-sm-6 elementor-repeater-item-3d79321\">\r\n                        <div class=\"hosting_service_item\">\r\n                            <div class=\"icon\">\r\n                                <img decoding=\"async\" width=\"64\" height=\"64\" src=\"https:\/\/new.allsecure.rs\/wp-content\/uploads\/2021\/02\/icon-support.png\" class=\"attachment-full size-full\" alt=\"merchant support services\" \/>                            <\/div>\r\n                                                             <a href=\"https:\/\/www.allsecure.rs\/usluge\/podrska-trgovcima\/\">                                 <h3 class=\"h_head\"> Usluge Podr\u0161ke Trgovcu <\/h3>\r\n                                 <\/a>                                                                                         <p>Slu\u017eba podr\u0161ke asistira trgovcima kako tokom inicijalnog povezivanja, tako i kod svih potrebnih izmena ili uskla\u0111ivanja nakon prelaska u produkciju.<\/p>\n                                                    <\/div>\r\n                    <\/div>\r\n                                        <div class=\"col-lg-4 col-sm-6 elementor-repeater-item-786142d\">\r\n                        <div class=\"hosting_service_item\">\r\n                            <div class=\"icon\">\r\n                                                            <\/div>\r\n                                                             <a href=\"https:\/\/www.allsecure.rs\/usluge\/profesionalne-usluge\/\">                                 <h3 class=\"h_head\"> Konsultantske Usluge <\/h3>\r\n                                 <\/a>                                                                                         <p>Na\u0161i stru\u010dnjaci poseduju zavidnu reputaciju u industriji elektronskih pla\u0107anja, kao i iskustvo rada i vo\u0111enja najpoznatijih finansijskih i platnih institucija. <\/p>\n                                                    <\/div>\r\n                    <\/div>\r\n                                        <div class=\"col-lg-4 col-sm-6 elementor-repeater-item-ec517d5\">\r\n                        <div class=\"hosting_service_item\">\r\n                            <div class=\"icon\">\r\n                                                            <\/div>\r\n                                                             <a href=\"https:\/\/www.allsecure.rs\/partners\/\">                                 <h3 class=\"h_head\"> Partnerstva <\/h3>\r\n                                 <\/a>                                                                                         <p>Gradimo partnerstva sa vode\u0107im bankama, sistemima prevencije rizika, karti\u010darskim organizacijama i ostalim u\u010desnicima u industriji pla\u0107anja u cilju obezbe\u0111ivanja naj\u0161ireg spektra proizvoda i usluga za na\u0161e korisnike.<\/p>\n                                                    <\/div>\r\n                    <\/div>\r\n                            <\/div>\r\n    <\/div>\r\n<\/section>\t\t\t\t<\/div>\n\t\t\t\t<\/div>\n\t\t\t\t\t<\/div>\n\t\t<\/div>\n\t\t\t\t\t<\/div>\n\t\t<\/section>\n\t\t\t\t<\/div>\n\t\t","protected":false},"excerpt":{"rendered":"<p>\u0160IROK SPEKTAR USLUGA Internet pla\u0107anja skrojena po Va\u0161im zahtevima Ceo Spektar Usluga online pla\u0107anja Koristimo vode\u0107e globalne tehnologije kako bi podr\u017eali ceo portfolio usluga pla\u0107anja svim na\u0161im trgovcima. Bez obzira da li je va\u0161 internet biznis lokalni, regionalni ili globalni, u\u017eiva\u0107ete u mogu\u0107nostima efikasnih, stabilnih, bezbednih i modernih opcija procesiranja elektronskih pla\u0107anja. Na\u0161a tehnologija omogu\u0107uje&#8230;<\/p>\n","protected":false},"author":1,"featured_media":0,"parent":0,"menu_order":0,"comment_status":"closed","ping_status":"closed","template":"elementor_header_footer","meta":{"_acf_changed":false,"footnotes":""},"class_list":["post-2635","page","type-page","status-publish","hentry","no-post-thumbnail"],"acf":[],"yoast_head":"<!-- This site is optimized with the Yoast SEO Premium plugin v24.5 (Yoast SEO v24.5) - https:\/\/yoast.com\/wordpress\/plugins\/seo\/ -->\n<title>Usluga on-line pla\u0107anja skrojena po va\u0161oj meri - allsecure.rs<\/title>\n<meta name=\"description\" content=\"AllSecure je u prilici da online trgovcima ponudi usluge kori\u0161\u0107enja jedne od najsavremenijih platformi za procesiranje internet i mobilnih pla\u0107anja u svetu\" \/>\n<meta name=\"robots\" content=\"noindex, follow, max-snippet:-1, max-image-preview:large, max-video-preview:-1\" \/>\n<meta property=\"og:locale\" content=\"en_US\" \/>\n<meta property=\"og:type\" content=\"article\" \/>\n<meta property=\"og:title\" content=\"On-line pla\u0107anja skrojena po va\u0161oj meri - allsecure.rs\" \/>\n<meta property=\"og:description\" content=\"AllSecure je u prilici da online trgovcima ponudi usluge kori\u0161\u0107enja jedne od najsavremenijih platformi za procesiranje internet i mobilnih pla\u0107anja u svetu\" \/>\n<meta property=\"og:url\" content=\"https:\/\/new.allsecure.rs\/?page_id=2635\" \/>\n<meta property=\"og:site_name\" content=\"allsecure.rs\" \/>\n<meta property=\"og:image\" content=\"https:\/\/www.allsecure.rs\/wp-content\/uploads\/2021\/02\/section-02-services.png\" \/>\n<meta name=\"twitter:card\" content=\"summary_large_image\" \/>\n<meta name=\"twitter:title\" content=\"On-line pla\u0107anja skrojena po va\u0161oj meri - allsecure.rs\" \/>\n<meta name=\"twitter:image\" content=\"https:\/\/www.allsecure.rs\/wp-content\/uploads\/2021\/02\/section-02-services.png\" \/>\n<meta name=\"twitter:label1\" content=\"Est. reading time\" \/>\n\t<meta name=\"twitter:data1\" content=\"3 minutes\" \/>\n<script type=\"application\/ld+json\" class=\"yoast-schema-graph\">{\"@context\":\"https:\/\/schema.org\",\"@graph\":[{\"@type\":\"WebPage\",\"@id\":\"https:\/\/new.allsecure.rs\/?page_id=2635\",\"url\":\"https:\/\/new.allsecure.rs\/?page_id=2635\",\"name\":\"Usluga on-line pla\u0107anja skrojena po va\u0161oj meri - allsecure.rs\",\"isPartOf\":{\"@id\":\"https:\/\/new.allsecure.rs\/#website\"},\"primaryImageOfPage\":{\"@id\":\"https:\/\/new.allsecure.rs\/?page_id=2635#primaryimage\"},\"image\":{\"@id\":\"https:\/\/new.allsecure.rs\/?page_id=2635#primaryimage\"},\"thumbnailUrl\":\"https:\/\/new.allsecure.rs\/wp-content\/uploads\/2021\/02\/section-02-services.png\",\"datePublished\":\"2021-02-16T12:04:05+00:00\",\"description\":\"AllSecure je u prilici da online trgovcima ponudi usluge kori\u0161\u0107enja jedne od najsavremenijih platformi za procesiranje internet i mobilnih pla\u0107anja u svetu\",\"breadcrumb\":{\"@id\":\"https:\/\/new.allsecure.rs\/?page_id=2635#breadcrumb\"},\"inLanguage\":\"en-US\",\"potentialAction\":[{\"@type\":\"ReadAction\",\"target\":[\"https:\/\/new.allsecure.rs\/?page_id=2635\"]}]},{\"@type\":\"ImageObject\",\"inLanguage\":\"en-US\",\"@id\":\"https:\/\/new.allsecure.rs\/?page_id=2635#primaryimage\",\"url\":\"https:\/\/new.allsecure.rs\/wp-content\/uploads\/2021\/02\/section-02-services.png\",\"contentUrl\":\"https:\/\/new.allsecure.rs\/wp-content\/uploads\/2021\/02\/section-02-services.png\",\"width\":592,\"height\":346,\"caption\":\"allsecure services\"},{\"@type\":\"BreadcrumbList\",\"@id\":\"https:\/\/new.allsecure.rs\/?page_id=2635#breadcrumb\",\"itemListElement\":[{\"@type\":\"ListItem\",\"position\":1,\"name\":\"Home\",\"item\":\"https:\/\/new.allsecure.rs\/\"},{\"@type\":\"ListItem\",\"position\":2,\"name\":\"Portfolio Usluga\"}]},{\"@type\":\"WebSite\",\"@id\":\"https:\/\/new.allsecure.rs\/#website\",\"url\":\"https:\/\/new.allsecure.rs\/\",\"name\":\"allsecure.rs\",\"description\":\"\",\"potentialAction\":[{\"@type\":\"SearchAction\",\"target\":{\"@type\":\"EntryPoint\",\"urlTemplate\":\"https:\/\/new.allsecure.rs\/?s={search_term_string}\"},\"query-input\":{\"@type\":\"PropertyValueSpecification\",\"valueRequired\":true,\"valueName\":\"search_term_string\"}}],\"inLanguage\":\"en-US\"}]}<\/script>\n<!-- \/ Yoast SEO Premium plugin. -->","yoast_head_json":{"title":"Usluga on-line pla\u0107anja skrojena po va\u0161oj meri - allsecure.rs","description":"AllSecure je u prilici da online trgovcima ponudi usluge kori\u0161\u0107enja jedne od najsavremenijih platformi za procesiranje internet i mobilnih pla\u0107anja u svetu","robots":{"index":"noindex","follow":"follow","max-snippet":"max-snippet:-1","max-image-preview":"max-image-preview:large","max-video-preview":"max-video-preview:-1"},"og_locale":"en_US","og_type":"article","og_title":"On-line pla\u0107anja skrojena po va\u0161oj meri - allsecure.rs","og_description":"AllSecure je u prilici da online trgovcima ponudi usluge kori\u0161\u0107enja jedne od najsavremenijih platformi za procesiranje internet i mobilnih pla\u0107anja u svetu","og_url":"https:\/\/new.allsecure.rs\/?page_id=2635","og_site_name":"allsecure.rs","og_image":[{"url":"https:\/\/www.allsecure.rs\/wp-content\/uploads\/2021\/02\/section-02-services.png","type":"","width":"","height":""}],"twitter_card":"summary_large_image","twitter_title":"On-line pla\u0107anja skrojena po va\u0161oj meri - allsecure.rs","twitter_image":"https:\/\/www.allsecure.rs\/wp-content\/uploads\/2021\/02\/section-02-services.png","twitter_misc":{"Est. reading time":"3 minutes"},"schema":{"@context":"https:\/\/schema.org","@graph":[{"@type":"WebPage","@id":"https:\/\/new.allsecure.rs\/?page_id=2635","url":"https:\/\/new.allsecure.rs\/?page_id=2635","name":"Usluga on-line pla\u0107anja skrojena po va\u0161oj meri - allsecure.rs","isPartOf":{"@id":"https:\/\/new.allsecure.rs\/#website"},"primaryImageOfPage":{"@id":"https:\/\/new.allsecure.rs\/?page_id=2635#primaryimage"},"image":{"@id":"https:\/\/new.allsecure.rs\/?page_id=2635#primaryimage"},"thumbnailUrl":"https:\/\/new.allsecure.rs\/wp-content\/uploads\/2021\/02\/section-02-services.png","datePublished":"2021-02-16T12:04:05+00:00","description":"AllSecure je u prilici da online trgovcima ponudi usluge kori\u0161\u0107enja jedne od najsavremenijih platformi za procesiranje internet i mobilnih pla\u0107anja u svetu","breadcrumb":{"@id":"https:\/\/new.allsecure.rs\/?page_id=2635#breadcrumb"},"inLanguage":"en-US","potentialAction":[{"@type":"ReadAction","target":["https:\/\/new.allsecure.rs\/?page_id=2635"]}]},{"@type":"ImageObject","inLanguage":"en-US","@id":"https:\/\/new.allsecure.rs\/?page_id=2635#primaryimage","url":"https:\/\/new.allsecure.rs\/wp-content\/uploads\/2021\/02\/section-02-services.png","contentUrl":"https:\/\/new.allsecure.rs\/wp-content\/uploads\/2021\/02\/section-02-services.png","width":592,"height":346,"caption":"allsecure services"},{"@type":"BreadcrumbList","@id":"https:\/\/new.allsecure.rs\/?page_id=2635#breadcrumb","itemListElement":[{"@type":"ListItem","position":1,"name":"Home","item":"https:\/\/new.allsecure.rs\/"},{"@type":"ListItem","position":2,"name":"Portfolio Usluga"}]},{"@type":"WebSite","@id":"https:\/\/new.allsecure.rs\/#website","url":"https:\/\/new.allsecure.rs\/","name":"allsecure.rs","description":"","potentialAction":[{"@type":"SearchAction","target":{"@type":"EntryPoint","urlTemplate":"https:\/\/new.allsecure.rs\/?s={search_term_string}"},"query-input":{"@type":"PropertyValueSpecification","valueRequired":true,"valueName":"search_term_string"}}],"inLanguage":"en-US"}]}},"_links":{"self":[{"href":"https:\/\/new.allsecure.rs\/index.php?rest_route=\/wp\/v2\/pages\/2635","targetHints":{"allow":["GET"]}}],"collection":[{"href":"https:\/\/new.allsecure.rs\/index.php?rest_route=\/wp\/v2\/pages"}],"about":[{"href":"https:\/\/new.allsecure.rs\/index.php?rest_route=\/wp\/v2\/types\/page"}],"author":[{"embeddable":true,"href":"https:\/\/new.allsecure.rs\/index.php?rest_route=\/wp\/v2\/users\/1"}],"replies":[{"embeddable":true,"href":"https:\/\/new.allsecure.rs\/index.php?rest_route=%2Fwp%2Fv2%2Fcomments&post=2635"}],"version-history":[{"count":0,"href":"https:\/\/new.allsecure.rs\/index.php?rest_route=\/wp\/v2\/pages\/2635\/revisions"}],"wp:attachment":[{"href":"https:\/\/new.allsecure.rs\/index.php?rest_route=%2Fwp%2Fv2%2Fmedia&parent=2635"}],"curies":[{"name":"wp","href":"https:\/\/api.w.org\/{rel}","templated":true}]}}