{"id":2630,"date":"2021-04-20T15:54:13","date_gmt":"2021-04-20T13:54:13","guid":{"rendered":"https:\/\/www.allsecure.eu\/partners\/"},"modified":"2021-04-20T15:54:13","modified_gmt":"2021-04-20T13:54:13","slug":"partnerstva","status":"publish","type":"page","link":"https:\/\/new.allsecure.rs\/?page_id=2630","title":{"rendered":"Partnerstva"},"content":{"rendered":"\t\t<div data-elementor-type=\"wp-page\" data-elementor-id=\"2630\" class=\"elementor elementor-2630\">\n\t\t\t\t\t\t<section class=\"elementor-section elementor-top-section elementor-element elementor-element-8a27879 elementor-section-full_width elementor-section-height-default elementor-section-height-default\" data-id=\"8a27879\" data-element_type=\"section\">\n\t\t\t\t\t\t<div class=\"elementor-container elementor-column-gap-no\">\n\t\t\t\t\t<div class=\"elementor-column elementor-col-100 elementor-top-column elementor-element elementor-element-3833e72\" data-id=\"3833e72\" data-element_type=\"column\">\n\t\t\t<div class=\"elementor-widget-wrap elementor-element-populated\">\n\t\t\t\t\t\t<div class=\"elementor-element elementor-element-c24750e elementor-widget elementor-widget-saasland_hero\" data-id=\"c24750e\" data-element_type=\"widget\" data-widget_type=\"saasland_hero.default\">\n\t\t\t\t<div class=\"elementor-widget-container\">\n\t\t\t\t\t<section class=\"home_analytics_banner_area\">\r\n    <div class=\"elements\">\r\n                                                    <\/div>\r\n    <div class=\"container\">\r\n        <div class=\"row align-items-center\">\r\n            <div class=\"col-lg-6\">\r\n                <div class=\"h_analytics_content\">\r\n                                            <h1 class=\"typewrite_title saasland_html_class_color\">\r\n                            Strate\u0161ka Partnerstva                        <\/h1>\r\n                                        <p>Sna\u017ena mre\u017ea Globalnih Partnerstava <br \/>\u010dini nas boljim<\/p>\n                                    <\/div>\r\n            <\/div>\r\n            <div class=\"col-lg-6\">\r\n                <div class=\"h_analytices_img\">\r\n                    <img fetchpriority=\"high\" decoding=\"async\" width=\"500\" height=\"426\" src=\"https:\/\/new.allsecure.rs\/wp-content\/uploads\/2021\/03\/section-consultancy.png\" class=\"attachment-full size-full\" alt=\"Professional Services\" srcset=\"https:\/\/new.allsecure.rs\/wp-content\/uploads\/2021\/03\/section-consultancy.png 500w, https:\/\/new.allsecure.rs\/wp-content\/uploads\/2021\/03\/section-consultancy-300x256.png 300w\" sizes=\"(max-width: 500px) 100vw, 500px\" \/>                <\/div>\r\n            <\/div>\r\n        <\/div>\r\n    <\/div>\r\n<\/section>\r\n\r\n\t\t\t\t<\/div>\n\t\t\t\t<\/div>\n\t\t\t\t\t<\/div>\n\t\t<\/div>\n\t\t\t\t\t<\/div>\n\t\t<\/section>\n\t\t\t\t<section class=\"elementor-section elementor-top-section elementor-element elementor-element-0f84582 elementor-section-boxed elementor-section-height-default elementor-section-height-default\" data-id=\"0f84582\" data-element_type=\"section\" data-settings=\"{&quot;background_background&quot;:&quot;classic&quot;}\">\n\t\t\t\t\t\t<div class=\"elementor-container elementor-column-gap-default\">\n\t\t\t\t\t<div class=\"elementor-column elementor-col-100 elementor-top-column elementor-element elementor-element-14179e5\" data-id=\"14179e5\" data-element_type=\"column\">\n\t\t\t<div class=\"elementor-widget-wrap elementor-element-populated\">\n\t\t\t\t\t\t<div class=\"elementor-element elementor-element-6279876 elementor-widget elementor-widget-Saasland_heading\" data-id=\"6279876\" data-element_type=\"widget\" data-widget_type=\"Saasland_heading.default\">\n\t\t\t\t<div class=\"elementor-widget-container\">\n\t\t\t\t\t<div class=\"heading_wrap d-flex justify-content-start\"><h2 class=\"saasland_heading\" >Mre\u017ea Partnera u korist va\u0161eg biznisa<\/h2><\/div>\t\t\t\t<\/div>\n\t\t\t\t<\/div>\n\t\t\t\t<div class=\"elementor-element elementor-element-28b1e71 elementor-widget elementor-widget-text-editor\" data-id=\"28b1e71\" data-element_type=\"widget\" data-widget_type=\"text-editor.default\">\n\t\t\t\t<div class=\"elementor-widget-container\">\n\t\t\t\t\t\t\t\t\t<p>Na\u0161a mre\u017ea partnerstava konstantno raste. Razvili smo globalnu mre\u017eu strate\u0161kih partnera koja uklju\u010duje banke i druge finansijske organizacije, ali i tehnolo\u0161ke integratore i platforme. Partnerstva igraju klju\u010dnu ulogu u na\u0161oj misiji da pru\u017eamo najbolju uslugu i najkvalitetnija re\u0161enja internet trgovcima i rapidnog rasta njihovog online biznisa. S druge strane, zainteresovanim pru\u017eaocima usluga nudimo novi izvor prihoda uz istovremeni razvoj kompetitivnih prednosti, ulaska na nova polja i nova tr\u017ei\u0161ta.\u00a0<\/p>\t\t\t\t\t\t\t\t<\/div>\n\t\t\t\t<\/div>\n\t\t\t\t\t<\/div>\n\t\t<\/div>\n\t\t\t\t\t<\/div>\n\t\t<\/section>\n\t\t\t\t<section class=\"elementor-section elementor-top-section elementor-element elementor-element-88fc13c elementor-section-boxed elementor-section-height-default elementor-section-height-default\" data-id=\"88fc13c\" data-element_type=\"section\">\n\t\t\t\t\t\t<div class=\"elementor-container elementor-column-gap-default\">\n\t\t\t\t\t<div class=\"elementor-column elementor-col-100 elementor-top-column elementor-element elementor-element-a6dd5de\" data-id=\"a6dd5de\" data-element_type=\"column\">\n\t\t\t<div class=\"elementor-widget-wrap elementor-element-populated\">\n\t\t\t\t\t\t<div class=\"elementor-element elementor-element-490344c elementor-invisible elementor-widget elementor-widget-saasland_main_features\" data-id=\"490344c\" data-element_type=\"widget\" data-settings=\"{&quot;_animation&quot;:&quot;fadeInLeft&quot;}\" data-widget_type=\"saasland_main_features.default\">\n\t\t\t\t<div class=\"elementor-widget-container\">\n\t\t\t\t\t<section class=\"hosting_service_area sec_pad\">\r\n    <div class=\"container\">\r\n        <div class=\"hosting_title text-center\">\r\n                        <\/div>\r\n    <div class=\"container\">\r\n        <div class=\"row\">\r\n                                <div class=\"col-lg-4 col-sm-6 elementor-repeater-item-d18b534\">\r\n                        <div class=\"hosting_service_item\">\r\n                            <div class=\"icon\">\r\n                                <img decoding=\"async\" width=\"64\" height=\"64\" src=\"https:\/\/new.allsecure.rs\/wp-content\/uploads\/2021\/04\/global.png\" class=\"attachment-full size-full\" alt=\"global solutions\" \/>                            <\/div>\r\n                                                                                            <h3 class=\"h_head\"> Globalna Re\u0161enja <\/h3>\r\n                                                                                                                        <p>Partnerstva sa spektrom razli\u010ditih banaka i procesora, uz uslugu kori\u0161\u0107enja dve nezavisne  platforme za pla\u0107anja omogu\u0107avaju nam da vam pru\u017eimo najpouzdanije re\u0161enje za procesiranje pla\u0107anja.<\/p>\n                                                    <\/div>\r\n                    <\/div>\r\n                                        <div class=\"col-lg-4 col-sm-6 elementor-repeater-item-1893838\">\r\n                        <div class=\"hosting_service_item\">\r\n                            <div class=\"icon\">\r\n                                <img decoding=\"async\" width=\"64\" height=\"64\" src=\"https:\/\/new.allsecure.rs\/wp-content\/uploads\/2021\/04\/icon-integration.png\" class=\"attachment-full size-full\" alt=\"seamless integration\" \/>                            <\/div>\r\n                                                             <a href=\"https:\/\/www.allsecure.rs\/usluge\/integracija-placanja\/\">                                 <h3 class=\"h_head\"> Sva pla\u0107anja na jednom mestu <\/h3>\r\n                                 <\/a>                                                                                         <p>Jednom povezani, dobijate mogu\u0107nost da upravljate svim svojim pla\u0107anjima na jednom mestu. Sve  transakcije procesirane na svim va\u0161im prodavnicama, mobilnim aplikacijama i web lokacijama su vidljive i objedinjene, u jedinstvenom portalu.<\/p>\n                                                    <\/div>\r\n                    <\/div>\r\n                                        <div class=\"col-lg-4 col-sm-6 elementor-repeater-item-2fcdd63\">\r\n                        <div class=\"hosting_service_item\">\r\n                            <div class=\"icon\">\r\n                                <img loading=\"lazy\" decoding=\"async\" width=\"64\" height=\"64\" src=\"https:\/\/new.allsecure.rs\/wp-content\/uploads\/2021\/04\/cashless-payment.png\" class=\"attachment-full size-full\" alt=\"\" \/>                            <\/div>\r\n                                                             <a href=\"https:\/\/www.allsecure.rs\/usluge\/payment-gateway\/\">                                 <h3 class=\"h_head\"> Pouzdana Tehnologija <\/h3>\r\n                                 <\/a>                                                                                         <p>Procesiranje mobilnih pla\u0107anja je mnogo vi\u0161e od trenda. Potreba da svojim kupcima nudite opciju mobilnih  pla\u0107anja predstavljaju esenciju svakog online biznisa ukoliko \u017eelite da budete relevantni igra\u010d na dana\u0161njem tr\u017ei\u0161tu.<\/p>\n                                                    <\/div>\r\n                    <\/div>\r\n                            <\/div>\r\n    <\/div>\r\n<\/section>\t\t\t\t<\/div>\n\t\t\t\t<\/div>\n\t\t\t\t\t<\/div>\n\t\t<\/div>\n\t\t\t\t\t<\/div>\n\t\t<\/section>\n\t\t\t\t<section class=\"elementor-section elementor-top-section elementor-element elementor-element-3f66bbe elementor-section-full_width elementor-section-height-default elementor-section-height-default\" data-id=\"3f66bbe\" data-element_type=\"section\">\n\t\t\t\t\t\t<div class=\"elementor-container elementor-column-gap-default\">\n\t\t\t\t\t<div class=\"elementor-column elementor-col-100 elementor-top-column elementor-element elementor-element-35180d2\" data-id=\"35180d2\" data-element_type=\"column\">\n\t\t\t<div class=\"elementor-widget-wrap elementor-element-populated\">\n\t\t\t\t\t\t<div class=\"elementor-element elementor-element-4160da9 elementor-widget elementor-widget-saasland_stats_counter\" data-id=\"4160da9\" data-element_type=\"widget\" data-widget_type=\"saasland_stats_counter.default\">\n\t\t\t\t<div class=\"elementor-widget-container\">\n\t\t\t\t\t        <section class=\"fun_fact_area dk_bg_two\">\r\n            <div class=\"container\">\r\n                <div class=\"row flex-row-reverse\">\r\n                    <div class=\"col-lg-7 col-md-6\">\r\n                        <div class=\"fact_author_img text-right\">\r\n                                                            <div class=\"square_box box_three\"><\/div>\r\n                                                                                        <div class=\"square_box box_four\"><\/div>\r\n                                                        <img loading=\"lazy\" decoding=\"async\" width=\"311\" height=\"550\" src=\"https:\/\/new.allsecure.rs\/wp-content\/uploads\/2021\/04\/partnership.png\" class=\"wow fadeInUp\" alt=\"\" data-wow-delay=\"0.4s\" srcset=\"https:\/\/new.allsecure.rs\/wp-content\/uploads\/2021\/04\/partnership.png 311w, https:\/\/new.allsecure.rs\/wp-content\/uploads\/2021\/04\/partnership-170x300.png 170w\" sizes=\"(max-width: 311px) 100vw, 311px\" \/>                        <\/div>\r\n                    <\/div>\r\n                    <div class=\"col-lg-5 col-md-6\">\r\n                        <div class=\"fun_fact_content\">\r\n                                                            <h3 class=\"w_color f_p f_700 mb_20\">\r\n                                    Partnerstva za uspeh                                <\/h3>\r\n                                                                                        <p class=\"f_300 d_p_color f_size_15 l_height28 mb_40\">\r\n                                    Da li ste procesor ili banka prihvatilac? Da li ste web developer, digitalna agencija ili hosting kompanija? Da li ste zainteresovani da se pridru\u017eite na\u0161em partnerskom programu? Javite nam se. <\/p>\r\n                                                        <div class=\"d-flex\">\r\n                                                                    <div class=\"fact_item \">\r\n                                        <h5 class=\"w_color\">\r\n                                            <span class=\"counter\">25<\/span>+                                        <\/h5>\r\n                                        <p class=\"mb-0 d_p_color\">\r\n                                            Partnerskih Banaka                                        <\/p>\r\n                                    <\/div>\r\n                                                                    <div class=\"fact_item pl_100\">\r\n                                        <h5 class=\"w_color\">\r\n                                            <span class=\"counter\">10<\/span>M+                                        <\/h5>\r\n                                        <p class=\"mb-0 d_p_color\">\r\n                                            Transakcija Godi\u0161nje                                        <\/p>\r\n                                    <\/div>\r\n                                                                    <div class=\"fact_item pl_100\">\r\n                                        <h5 class=\"w_color\">\r\n                                            <span class=\"counter\">100<\/span>+                                        <\/h5>\r\n                                        <p class=\"mb-0 d_p_color\">\r\n                                            Tr\u017ei\u0161ta i Valuta                                        <\/p>\r\n                                    <\/div>\r\n                                                            <\/div>\r\n                        <\/div>\r\n                    <\/div>\r\n                <\/div>\r\n            <\/div>\r\n        <\/section>\r\n        \t\t\t\t<\/div>\n\t\t\t\t<\/div>\n\t\t\t\t\t<\/div>\n\t\t<\/div>\n\t\t\t\t\t<\/div>\n\t\t<\/section>\n\t\t\t\t<\/div>\n\t\t","protected":false},"excerpt":{"rendered":"<p>Creating Partnerships and Relationships<br \/>\nmakes us different<\/p>\n","protected":false},"author":1,"featured_media":0,"parent":0,"menu_order":0,"comment_status":"closed","ping_status":"closed","template":"elementor_header_footer","meta":{"_acf_changed":false,"footnotes":""},"class_list":["post-2630","page","type-page","status-publish","hentry","no-post-thumbnail"],"acf":[],"yoast_head":"<!-- This site is optimized with the Yoast SEO Premium plugin v24.5 (Yoast SEO v24.5) - https:\/\/yoast.com\/wordpress\/plugins\/seo\/ -->\n<title>Sna\u017ena strate\u0161ka partnerstva nas \u010dine ja\u010dim | AllSecure<\/title>\n<meta name=\"description\" content=\"Strate\u0161ka Partnerstva. Globalno sara\u0111ujemo sa velikim brojem banaka, prihvatilaca, vendora i drugih finansijskih i tehnolo\u0161kih organizacija.\" \/>\n<meta name=\"robots\" content=\"noindex, follow, max-snippet:-1, max-image-preview:large, max-video-preview:-1\" \/>\n<meta property=\"og:locale\" content=\"en_US\" \/>\n<meta property=\"og:type\" content=\"article\" \/>\n<meta property=\"og:title\" content=\"Sna\u017ena partnerstva nas \u010dine ja\u010dim - allsecure.rs\" \/>\n<meta property=\"og:description\" content=\"Partnerstva nas \u010dine ja\u010dim i uspe\u0161nijim. Globalno sara\u0111ujemo sa velikim brojem banaka, prihvatilaca, vendora i drugih finansijskih i tehnolo\u0161kih organizacija.\" \/>\n<meta property=\"og:url\" content=\"https:\/\/new.allsecure.rs\/?page_id=2630\" \/>\n<meta property=\"og:site_name\" content=\"allsecure.rs\" \/>\n<meta property=\"og:image\" content=\"https:\/\/www.allsecure.rs\/wp-content\/uploads\/2021\/03\/section-consultancy.png\" \/>\n<meta name=\"twitter:card\" content=\"summary_large_image\" \/>\n<meta name=\"twitter:title\" content=\"Sna\u017ena partnerstva nas \u010dine ja\u010dim - allsecure.rs\" \/>\n<meta name=\"twitter:description\" content=\"Partnerstva nas \u010dine ja\u010dim i uspe\u0161nijim. Globalno sara\u0111ujemo sa velikim brojem banaka, prihvatilaca, vendora i drugih finansijskih i tehnolo\u0161kih organizacija.\" \/>\n<meta name=\"twitter:image\" content=\"https:\/\/www.allsecure.rs\/wp-content\/uploads\/2021\/03\/section-consultancy.png\" \/>\n<meta name=\"twitter:label1\" content=\"Est. reading time\" \/>\n\t<meta name=\"twitter:data1\" content=\"3 minutes\" \/>\n<script type=\"application\/ld+json\" class=\"yoast-schema-graph\">{\"@context\":\"https:\/\/schema.org\",\"@graph\":[{\"@type\":\"WebPage\",\"@id\":\"https:\/\/new.allsecure.rs\/?page_id=2630\",\"url\":\"https:\/\/new.allsecure.rs\/?page_id=2630\",\"name\":\"Sna\u017ena strate\u0161ka partnerstva nas \u010dine ja\u010dim | AllSecure\",\"isPartOf\":{\"@id\":\"https:\/\/new.allsecure.rs\/#website\"},\"primaryImageOfPage\":{\"@id\":\"https:\/\/new.allsecure.rs\/?page_id=2630#primaryimage\"},\"image\":{\"@id\":\"https:\/\/new.allsecure.rs\/?page_id=2630#primaryimage\"},\"thumbnailUrl\":\"https:\/\/new.allsecure.rs\/wp-content\/uploads\/2021\/03\/section-consultancy.png\",\"datePublished\":\"2021-04-20T13:54:13+00:00\",\"description\":\"Strate\u0161ka Partnerstva. Globalno sara\u0111ujemo sa velikim brojem banaka, prihvatilaca, vendora i drugih finansijskih i tehnolo\u0161kih organizacija.\",\"breadcrumb\":{\"@id\":\"https:\/\/new.allsecure.rs\/?page_id=2630#breadcrumb\"},\"inLanguage\":\"en-US\",\"potentialAction\":[{\"@type\":\"ReadAction\",\"target\":[\"https:\/\/new.allsecure.rs\/?page_id=2630\"]}]},{\"@type\":\"ImageObject\",\"inLanguage\":\"en-US\",\"@id\":\"https:\/\/new.allsecure.rs\/?page_id=2630#primaryimage\",\"url\":\"https:\/\/new.allsecure.rs\/wp-content\/uploads\/2021\/03\/section-consultancy.png\",\"contentUrl\":\"https:\/\/new.allsecure.rs\/wp-content\/uploads\/2021\/03\/section-consultancy.png\",\"width\":500,\"height\":426,\"caption\":\"Professional Services\"},{\"@type\":\"BreadcrumbList\",\"@id\":\"https:\/\/new.allsecure.rs\/?page_id=2630#breadcrumb\",\"itemListElement\":[{\"@type\":\"ListItem\",\"position\":1,\"name\":\"Home\",\"item\":\"https:\/\/new.allsecure.rs\/\"},{\"@type\":\"ListItem\",\"position\":2,\"name\":\"Partnerstva\"}]},{\"@type\":\"WebSite\",\"@id\":\"https:\/\/new.allsecure.rs\/#website\",\"url\":\"https:\/\/new.allsecure.rs\/\",\"name\":\"allsecure.rs\",\"description\":\"\",\"potentialAction\":[{\"@type\":\"SearchAction\",\"target\":{\"@type\":\"EntryPoint\",\"urlTemplate\":\"https:\/\/new.allsecure.rs\/?s={search_term_string}\"},\"query-input\":{\"@type\":\"PropertyValueSpecification\",\"valueRequired\":true,\"valueName\":\"search_term_string\"}}],\"inLanguage\":\"en-US\"}]}<\/script>\n<!-- \/ Yoast SEO Premium plugin. -->","yoast_head_json":{"title":"Sna\u017ena strate\u0161ka partnerstva nas \u010dine ja\u010dim | AllSecure","description":"Strate\u0161ka Partnerstva. Globalno sara\u0111ujemo sa velikim brojem banaka, prihvatilaca, vendora i drugih finansijskih i tehnolo\u0161kih organizacija.","robots":{"index":"noindex","follow":"follow","max-snippet":"max-snippet:-1","max-image-preview":"max-image-preview:large","max-video-preview":"max-video-preview:-1"},"og_locale":"en_US","og_type":"article","og_title":"Sna\u017ena partnerstva nas \u010dine ja\u010dim - allsecure.rs","og_description":"Partnerstva nas \u010dine ja\u010dim i uspe\u0161nijim. Globalno sara\u0111ujemo sa velikim brojem banaka, prihvatilaca, vendora i drugih finansijskih i tehnolo\u0161kih organizacija.","og_url":"https:\/\/new.allsecure.rs\/?page_id=2630","og_site_name":"allsecure.rs","og_image":[{"url":"https:\/\/www.allsecure.rs\/wp-content\/uploads\/2021\/03\/section-consultancy.png","type":"","width":"","height":""}],"twitter_card":"summary_large_image","twitter_title":"Sna\u017ena partnerstva nas \u010dine ja\u010dim - allsecure.rs","twitter_description":"Partnerstva nas \u010dine ja\u010dim i uspe\u0161nijim. Globalno sara\u0111ujemo sa velikim brojem banaka, prihvatilaca, vendora i drugih finansijskih i tehnolo\u0161kih organizacija.","twitter_image":"https:\/\/www.allsecure.rs\/wp-content\/uploads\/2021\/03\/section-consultancy.png","twitter_misc":{"Est. reading time":"3 minutes"},"schema":{"@context":"https:\/\/schema.org","@graph":[{"@type":"WebPage","@id":"https:\/\/new.allsecure.rs\/?page_id=2630","url":"https:\/\/new.allsecure.rs\/?page_id=2630","name":"Sna\u017ena strate\u0161ka partnerstva nas \u010dine ja\u010dim | AllSecure","isPartOf":{"@id":"https:\/\/new.allsecure.rs\/#website"},"primaryImageOfPage":{"@id":"https:\/\/new.allsecure.rs\/?page_id=2630#primaryimage"},"image":{"@id":"https:\/\/new.allsecure.rs\/?page_id=2630#primaryimage"},"thumbnailUrl":"https:\/\/new.allsecure.rs\/wp-content\/uploads\/2021\/03\/section-consultancy.png","datePublished":"2021-04-20T13:54:13+00:00","description":"Strate\u0161ka Partnerstva. Globalno sara\u0111ujemo sa velikim brojem banaka, prihvatilaca, vendora i drugih finansijskih i tehnolo\u0161kih organizacija.","breadcrumb":{"@id":"https:\/\/new.allsecure.rs\/?page_id=2630#breadcrumb"},"inLanguage":"en-US","potentialAction":[{"@type":"ReadAction","target":["https:\/\/new.allsecure.rs\/?page_id=2630"]}]},{"@type":"ImageObject","inLanguage":"en-US","@id":"https:\/\/new.allsecure.rs\/?page_id=2630#primaryimage","url":"https:\/\/new.allsecure.rs\/wp-content\/uploads\/2021\/03\/section-consultancy.png","contentUrl":"https:\/\/new.allsecure.rs\/wp-content\/uploads\/2021\/03\/section-consultancy.png","width":500,"height":426,"caption":"Professional Services"},{"@type":"BreadcrumbList","@id":"https:\/\/new.allsecure.rs\/?page_id=2630#breadcrumb","itemListElement":[{"@type":"ListItem","position":1,"name":"Home","item":"https:\/\/new.allsecure.rs\/"},{"@type":"ListItem","position":2,"name":"Partnerstva"}]},{"@type":"WebSite","@id":"https:\/\/new.allsecure.rs\/#website","url":"https:\/\/new.allsecure.rs\/","name":"allsecure.rs","description":"","potentialAction":[{"@type":"SearchAction","target":{"@type":"EntryPoint","urlTemplate":"https:\/\/new.allsecure.rs\/?s={search_term_string}"},"query-input":{"@type":"PropertyValueSpecification","valueRequired":true,"valueName":"search_term_string"}}],"inLanguage":"en-US"}]}},"_links":{"self":[{"href":"https:\/\/new.allsecure.rs\/index.php?rest_route=\/wp\/v2\/pages\/2630","targetHints":{"allow":["GET"]}}],"collection":[{"href":"https:\/\/new.allsecure.rs\/index.php?rest_route=\/wp\/v2\/pages"}],"about":[{"href":"https:\/\/new.allsecure.rs\/index.php?rest_route=\/wp\/v2\/types\/page"}],"author":[{"embeddable":true,"href":"https:\/\/new.allsecure.rs\/index.php?rest_route=\/wp\/v2\/users\/1"}],"replies":[{"embeddable":true,"href":"https:\/\/new.allsecure.rs\/index.php?rest_route=%2Fwp%2Fv2%2Fcomments&post=2630"}],"version-history":[{"count":0,"href":"https:\/\/new.allsecure.rs\/index.php?rest_route=\/wp\/v2\/pages\/2630\/revisions"}],"wp:attachment":[{"href":"https:\/\/new.allsecure.rs\/index.php?rest_route=%2Fwp%2Fv2%2Fmedia&parent=2630"}],"curies":[{"name":"wp","href":"https:\/\/api.w.org\/{rel}","templated":true}]}}