{"id":2557,"date":"2021-03-25T11:20:19","date_gmt":"2021-03-25T10:20:19","guid":{"rendered":"https:\/\/www.allsecure.eu\/about\/jobs\/"},"modified":"2021-03-25T11:20:19","modified_gmt":"2021-03-25T10:20:19","slug":"jobs","status":"publish","type":"page","link":"https:\/\/new.allsecure.rs\/?page_id=2557","title":{"rendered":"Karijera"},"content":{"rendered":"\t\t<div data-elementor-type=\"wp-page\" data-elementor-id=\"2557\" class=\"elementor elementor-2557\">\n\t\t\t\t\t\t<section class=\"elementor-section elementor-top-section elementor-element elementor-element-8a27879 elementor-section-full_width elementor-section-height-default elementor-section-height-default\" data-id=\"8a27879\" data-element_type=\"section\">\n\t\t\t\t\t\t<div class=\"elementor-container elementor-column-gap-no\">\n\t\t\t\t\t<div class=\"elementor-column elementor-col-100 elementor-top-column elementor-element elementor-element-3833e72\" data-id=\"3833e72\" data-element_type=\"column\">\n\t\t\t<div class=\"elementor-widget-wrap elementor-element-populated\">\n\t\t\t\t\t\t<div class=\"elementor-element elementor-element-c24750e elementor-widget elementor-widget-saasland_hero\" data-id=\"c24750e\" data-element_type=\"widget\" data-widget_type=\"saasland_hero.default\">\n\t\t\t\t<div class=\"elementor-widget-container\">\n\t\t\t\t\t<section class=\"home_analytics_banner_area\">\r\n    <div class=\"elements\">\r\n                                                    <\/div>\r\n    <div class=\"container\">\r\n        <div class=\"row align-items-center\">\r\n            <div class=\"col-lg-6\">\r\n                <div class=\"h_analytics_content\">\r\n                                            <h1 class=\"typewrite_title saasland_html_class_color\">\r\n                            Pridru\u017eite nam se                        <\/h1>\r\n                                        <p>Izgradite karijeru u industriji pla\u0107anja<\/p>\n                                    <\/div>\r\n            <\/div>\r\n            <div class=\"col-lg-6\">\r\n                <div class=\"h_analytices_img\">\r\n                    <img fetchpriority=\"high\" decoding=\"async\" width=\"537\" height=\"329\" src=\"https:\/\/new.allsecure.rs\/wp-content\/uploads\/2021\/03\/section-careers.png\" class=\"attachment-full size-full\" alt=\"career\" srcset=\"https:\/\/new.allsecure.rs\/wp-content\/uploads\/2021\/03\/section-careers.png 537w, https:\/\/new.allsecure.rs\/wp-content\/uploads\/2021\/03\/section-careers-300x184.png 300w\" sizes=\"(max-width: 537px) 100vw, 537px\" \/>                <\/div>\r\n            <\/div>\r\n        <\/div>\r\n    <\/div>\r\n<\/section>\r\n\r\n\t\t\t\t<\/div>\n\t\t\t\t<\/div>\n\t\t\t\t\t<\/div>\n\t\t<\/div>\n\t\t\t\t\t<\/div>\n\t\t<\/section>\n\t\t\t\t<section class=\"elementor-section elementor-top-section elementor-element elementor-element-0f84582 elementor-section-boxed elementor-section-height-default elementor-section-height-default\" data-id=\"0f84582\" data-element_type=\"section\" data-settings=\"{&quot;background_background&quot;:&quot;classic&quot;}\">\n\t\t\t\t\t\t<div class=\"elementor-container elementor-column-gap-default\">\n\t\t\t\t\t<div class=\"elementor-column elementor-col-100 elementor-top-column elementor-element elementor-element-14179e5\" data-id=\"14179e5\" data-element_type=\"column\">\n\t\t\t<div class=\"elementor-widget-wrap elementor-element-populated\">\n\t\t\t\t\t\t<div class=\"elementor-element elementor-element-6279876 elementor-widget elementor-widget-Saasland_heading\" data-id=\"6279876\" data-element_type=\"widget\" data-widget_type=\"Saasland_heading.default\">\n\t\t\t\t<div class=\"elementor-widget-container\">\n\t\t\t\t\t<div class=\"heading_wrap d-flex justify-content-start\"><h2 class=\"saasland_heading\" >Pridru\u017eite se kompaniji koja postavlja standarde u industriji pla\u0107anja<\/h2><\/div>\t\t\t\t<\/div>\n\t\t\t\t<\/div>\n\t\t\t\t<div class=\"elementor-element elementor-element-28b1e71 elementor-widget elementor-widget-text-editor\" data-id=\"28b1e71\" data-element_type=\"widget\" data-widget_type=\"text-editor.default\">\n\t\t\t\t<div class=\"elementor-widget-container\">\n\t\t\t\t\t\t\t\t\tAllSecure poma\u017ee e-trgovcima da omogu\u0107e pla\u0107anje svojih roba i usluga putem web ili mobilnih aplikacija. Na\u0161 cilj je da svojim klijentima i njihovim korisnicima pru\u017eimo najbolje korisni\u010dko iskustvo on-line kupovine. Te\u017eimo tome da rasteretimo e-trgovce briga oko platnih sistema, kako bi se oni koncentrisali na ono \u0161to je njihov posao. Pozivamo vas da se pridru\u017eite na\u0161em timu i da zajedno s nama uti\u010dete na na\u010din kako trgovci i kupci posluju na internetu. Kao jedan od pionira u uslugama elektronskih pla\u0107anja u Srbiji, zapo\u0161ljavamo izvrsne ljude i omogu\u0107ujemo im da postanu jo\u0161 bolji. Budite deo rapidnog rasta e-trgovine i istovremeno steknite priliku za u\u010denje, li\u010dni razvoj i stvaranje karijere u jednoj od najperspektivnijih grana privrede.\t\t\t\t\t\t\t\t<\/div>\n\t\t\t\t<\/div>\n\t\t\t\t\t<\/div>\n\t\t<\/div>\n\t\t\t\t\t<\/div>\n\t\t<\/section>\n\t\t\t\t<section class=\"elementor-section elementor-top-section elementor-element elementor-element-bb082a7 elementor-section-boxed elementor-section-height-default elementor-section-height-default\" data-id=\"bb082a7\" data-element_type=\"section\">\n\t\t\t\t\t\t<div class=\"elementor-container elementor-column-gap-default\">\n\t\t\t\t\t<div class=\"elementor-column elementor-col-100 elementor-top-column elementor-element elementor-element-a312e01\" data-id=\"a312e01\" data-element_type=\"column\">\n\t\t\t<div class=\"elementor-widget-wrap elementor-element-populated\">\n\t\t\t\t\t\t<section class=\"elementor-section elementor-inner-section elementor-element elementor-element-66eaacd elementor-section-boxed elementor-section-height-default elementor-section-height-default\" data-id=\"66eaacd\" data-element_type=\"section\">\n\t\t\t\t\t\t<div class=\"elementor-container elementor-column-gap-default\">\n\t\t\t\t\t<div class=\"elementor-column elementor-col-50 elementor-inner-column elementor-element elementor-element-4451ae0\" data-id=\"4451ae0\" data-element_type=\"column\" data-settings=\"{&quot;background_background&quot;:&quot;classic&quot;}\">\n\t\t\t<div class=\"elementor-widget-wrap elementor-element-populated\">\n\t\t\t\t\t<div class=\"elementor-background-overlay\"><\/div>\n\t\t\t\t\t\t<div class=\"elementor-element elementor-element-58a9d68 elementor-widget__width-inherit elementor-view-default elementor-position-top elementor-mobile-position-top elementor-widget elementor-widget-icon-box\" data-id=\"58a9d68\" data-element_type=\"widget\" data-widget_type=\"icon-box.default\">\n\t\t\t\t<div class=\"elementor-widget-container\">\n\t\t\t\t\t\t\t<div class=\"elementor-icon-box-wrapper\">\n\n\t\t\t\t\t\t<div class=\"elementor-icon-box-icon\">\n\t\t\t\t<span  class=\"elementor-icon\">\n\t\t\t\t<i aria-hidden=\"true\" class=\"dlicon dlicon-location-white\"><\/i>\t\t\t\t<\/span>\n\t\t\t<\/div>\n\t\t\t\n\t\t\t\t\t\t<div class=\"elementor-icon-box-content\">\n\n\t\t\t\t\t\t\t\t\t<h3 class=\"elementor-icon-box-title\">\n\t\t\t\t\t\t<span  >\n\t\t\t\t\t\t\tSlovenija\t\t\t\t\t\t<\/span>\n\t\t\t\t\t<\/h3>\n\t\t\t\t\n\t\t\t\t\t\t\t\t\t<p class=\"elementor-icon-box-description\">\n\t\t\t\t\t\tDunajska cesta 136,<br>\n1000 Ljubljana, Slovenija\t\t\t\t\t<\/p>\n\t\t\t\t\n\t\t\t<\/div>\n\t\t\t\n\t\t<\/div>\n\t\t\t\t\t\t<\/div>\n\t\t\t\t<\/div>\n\t\t\t\t\t<\/div>\n\t\t<\/div>\n\t\t\t\t<div class=\"elementor-column elementor-col-50 elementor-inner-column elementor-element elementor-element-7c1066b\" data-id=\"7c1066b\" data-element_type=\"column\" data-settings=\"{&quot;background_background&quot;:&quot;classic&quot;}\">\n\t\t\t<div class=\"elementor-widget-wrap elementor-element-populated\">\n\t\t\t\t\t<div class=\"elementor-background-overlay\"><\/div>\n\t\t\t\t\t\t<div class=\"elementor-element elementor-element-22f5eb8 elementor-widget elementor-widget-google_maps\" data-id=\"22f5eb8\" data-element_type=\"widget\" data-widget_type=\"google_maps.default\">\n\t\t\t\t<div class=\"elementor-widget-container\">\n\t\t\t\t\t\t\t<div class=\"elementor-custom-embed\">\n\t\t\t<iframe loading=\"lazy\"\n\t\t\t\t\tsrc=\"https:\/\/maps.google.com\/maps?q=Dunajska%20cesta%20136%2C%20Ljubljana&#038;t=m&#038;z=15&#038;output=embed&#038;iwloc=near\"\n\t\t\t\t\ttitle=\"Dunajska cesta 136, Ljubljana\"\n\t\t\t\t\taria-label=\"Dunajska cesta 136, Ljubljana\"\n\t\t\t><\/iframe>\n\t\t<\/div>\n\t\t\t\t\t\t<\/div>\n\t\t\t\t<\/div>\n\t\t\t\t\t<\/div>\n\t\t<\/div>\n\t\t\t\t\t<\/div>\n\t\t<\/section>\n\t\t\t\t<section class=\"elementor-section elementor-inner-section elementor-element elementor-element-54eb109 elementor-section-boxed elementor-section-height-default elementor-section-height-default\" data-id=\"54eb109\" data-element_type=\"section\">\n\t\t\t\t\t\t<div class=\"elementor-container elementor-column-gap-default\">\n\t\t\t\t\t<div class=\"elementor-column elementor-col-50 elementor-inner-column elementor-element elementor-element-8e19422\" data-id=\"8e19422\" data-element_type=\"column\">\n\t\t\t<div class=\"elementor-widget-wrap elementor-element-populated\">\n\t\t\t\t\t\t<div class=\"elementor-element elementor-element-1c04818 elementor-widget elementor-widget-google_maps\" data-id=\"1c04818\" data-element_type=\"widget\" data-widget_type=\"google_maps.default\">\n\t\t\t\t<div class=\"elementor-widget-container\">\n\t\t\t\t\t\t\t<div class=\"elementor-custom-embed\">\n\t\t\t<iframe loading=\"lazy\"\n\t\t\t\t\tsrc=\"https:\/\/maps.google.com\/maps?q=Terazije%2043%2C%20Beograd&#038;t=m&#038;z=15&#038;output=embed&#038;iwloc=near\"\n\t\t\t\t\ttitle=\"Terazije 43, Beograd\"\n\t\t\t\t\taria-label=\"Terazije 43, Beograd\"\n\t\t\t><\/iframe>\n\t\t<\/div>\n\t\t\t\t\t\t<\/div>\n\t\t\t\t<\/div>\n\t\t\t\t\t<\/div>\n\t\t<\/div>\n\t\t\t\t<div class=\"elementor-column elementor-col-50 elementor-inner-column elementor-element elementor-element-b21c9a4\" data-id=\"b21c9a4\" data-element_type=\"column\" data-settings=\"{&quot;background_background&quot;:&quot;classic&quot;}\">\n\t\t\t<div class=\"elementor-widget-wrap elementor-element-populated\">\n\t\t\t\t\t<div class=\"elementor-background-overlay\"><\/div>\n\t\t\t\t\t\t<div class=\"elementor-element elementor-element-93690a7 elementor-widget__width-inherit elementor-view-default elementor-position-top elementor-mobile-position-top elementor-widget elementor-widget-icon-box\" data-id=\"93690a7\" data-element_type=\"widget\" data-widget_type=\"icon-box.default\">\n\t\t\t\t<div class=\"elementor-widget-container\">\n\t\t\t\t\t\t\t<div class=\"elementor-icon-box-wrapper\">\n\n\t\t\t\t\t\t<div class=\"elementor-icon-box-icon\">\n\t\t\t\t<span  class=\"elementor-icon\">\n\t\t\t\t<i aria-hidden=\"true\" class=\"dlicon dlicon-location-white\"><\/i>\t\t\t\t<\/span>\n\t\t\t<\/div>\n\t\t\t\n\t\t\t\t\t\t<div class=\"elementor-icon-box-content\">\n\n\t\t\t\t\t\t\t\t\t<h3 class=\"elementor-icon-box-title\">\n\t\t\t\t\t\t<span  >\n\t\t\t\t\t\t\tSerbia\t\t\t\t\t\t<\/span>\n\t\t\t\t\t<\/h3>\n\t\t\t\t\n\t\t\t\t\t\t\t\t\t<p class=\"elementor-icon-box-description\">\n\t\t\t\t\t\tTerazije 43,<br>\n11000 Belgrade, Serbia\t\t\t\t\t<\/p>\n\t\t\t\t\n\t\t\t<\/div>\n\t\t\t\n\t\t<\/div>\n\t\t\t\t\t\t<\/div>\n\t\t\t\t<\/div>\n\t\t\t\t\t<\/div>\n\t\t<\/div>\n\t\t\t\t\t<\/div>\n\t\t<\/section>\n\t\t\t\t\t<\/div>\n\t\t<\/div>\n\t\t\t\t\t<\/div>\n\t\t<\/section>\n\t\t\t\t<section class=\"elementor-section elementor-top-section elementor-element elementor-element-3de3f0d elementor-section-boxed elementor-section-height-default elementor-section-height-default\" data-id=\"3de3f0d\" data-element_type=\"section\">\n\t\t\t\t\t\t<div class=\"elementor-container elementor-column-gap-default\">\n\t\t\t\t\t<div class=\"elementor-column elementor-col-100 elementor-top-column elementor-element elementor-element-1971827\" data-id=\"1971827\" data-element_type=\"column\">\n\t\t\t<div class=\"elementor-widget-wrap elementor-element-populated\">\n\t\t\t\t\t\t<div class=\"elementor-element elementor-element-5b4d0ec elementor-widget elementor-widget-heading\" data-id=\"5b4d0ec\" data-element_type=\"widget\" data-widget_type=\"heading.default\">\n\t\t\t\t<div class=\"elementor-widget-container\">\n\t\t\t\t\t<h3 class=\"elementor-heading-title elementor-size-default\">Pogledajte otvorene pozicije<\/h3>\t\t\t\t<\/div>\n\t\t\t\t<\/div>\n\t\t\t\t<div class=\"elementor-element elementor-element-d9dd75f elementor-widget elementor-widget-saasland_jobs\" data-id=\"d9dd75f\" data-element_type=\"widget\" data-widget_type=\"saasland_jobs.default\">\n\t\t\t\t<div class=\"elementor-widget-container\">\n\t\t\t\t\t\r\n        <div class=\"job_listing\">\r\n                        <div id=\"job_filter\" class=\"job_list_tab\">\r\n                <div data-filter=\"*\" class=\"list_item_tab active\"> All <\/div>\r\n                            <\/div>\r\n            <div class=\"listing_tab\" id=\"tab_filter\">\r\n                            <\/div>\r\n\r\n            \r\n        <\/div>\r\n        \t\t\t\t<\/div>\n\t\t\t\t<\/div>\n\t\t\t\t\t<\/div>\n\t\t<\/div>\n\t\t\t\t\t<\/div>\n\t\t<\/section>\n\t\t\t\t<\/div>\n\t\t","protected":false},"excerpt":{"rendered":"<p>Iskusni stru\u010dnjaci za pla\u0107anje i finansije pru\u017eaju inovativna re\u0161enja za pla\u0107anje. AllSecure omogu\u0107ava poslovnim subjektima prihvatanje pla\u0107anja bilo gde, bilo kada. Ako \u017eelite da se pridru\u017eite na\u0161em timu, po\u0161aljite CV i motivaciono pismo na\u0161em timu za regrutaciju talenata.<\/p>\n","protected":false},"author":1,"featured_media":0,"parent":2552,"menu_order":0,"comment_status":"closed","ping_status":"closed","template":"elementor_header_footer","meta":{"_acf_changed":false,"footnotes":""},"class_list":["post-2557","page","type-page","status-publish","hentry","no-post-thumbnail"],"acf":[],"yoast_head":"<!-- This site is optimized with the Yoast SEO Premium plugin v24.5 (Yoast SEO v24.5) - https:\/\/yoast.com\/wordpress\/plugins\/seo\/ -->\n<title>Karijera u industriji elektronskih pla\u0107anja - allsecure.rs<\/title>\n<meta name=\"description\" content=\"Kao jedan od pionira u uslugama pla\u0107anja, zapo\u0161ljavamo izvrsne ljude i nudimo im karijeru u jednoj od najperspektivnijih grana privrede\" \/>\n<meta name=\"robots\" content=\"noindex, follow, max-snippet:-1, max-image-preview:large, max-video-preview:-1\" \/>\n<meta property=\"og:locale\" content=\"en_US\" \/>\n<meta property=\"og:type\" content=\"article\" \/>\n<meta property=\"og:title\" content=\"Karijera u industriji elektronskih pla\u0107anja - allsecure.rs\" \/>\n<meta property=\"og:description\" content=\"Kao jedan od pionira u uslugama pla\u0107anja, zapo\u0161ljavamo izvrsne ljude i nudimo im karijeru u jednoj od najperspektivnijih grana privrede\" \/>\n<meta property=\"og:url\" content=\"https:\/\/new.allsecure.rs\/?page_id=2557\" \/>\n<meta property=\"og:site_name\" content=\"allsecure.rs\" \/>\n<meta property=\"og:image\" content=\"https:\/\/new.allsecure.rs\/wp-content\/uploads\/2021\/03\/section-careers.png\" \/>\n<meta name=\"twitter:card\" content=\"summary_large_image\" \/>\n<meta name=\"twitter:title\" content=\"Karijera u industriji elektronskih pla\u0107anja - allsecure.rs\" \/>\n<meta name=\"twitter:description\" content=\"Kao jedan od pionira u uslugama pla\u0107anja, zapo\u0161ljavamo izvrsne ljude i nudimo im karijeru u jednoj od najperspektivnijih grana privrede\" \/>\n<meta name=\"twitter:label1\" content=\"Est. reading time\" \/>\n\t<meta name=\"twitter:data1\" content=\"2 minutes\" \/>\n<script type=\"application\/ld+json\" class=\"yoast-schema-graph\">{\"@context\":\"https:\/\/schema.org\",\"@graph\":[{\"@type\":\"WebPage\",\"@id\":\"https:\/\/new.allsecure.rs\/?page_id=2557\",\"url\":\"https:\/\/new.allsecure.rs\/?page_id=2557\",\"name\":\"Karijera u industriji elektronskih pla\u0107anja - allsecure.rs\",\"isPartOf\":{\"@id\":\"https:\/\/new.allsecure.rs\/#website\"},\"primaryImageOfPage\":{\"@id\":\"https:\/\/new.allsecure.rs\/?page_id=2557#primaryimage\"},\"image\":{\"@id\":\"https:\/\/new.allsecure.rs\/?page_id=2557#primaryimage\"},\"thumbnailUrl\":\"https:\/\/new.allsecure.rs\/wp-content\/uploads\/2021\/03\/section-careers.png\",\"datePublished\":\"2021-03-25T10:20:19+00:00\",\"description\":\"Kao jedan od pionira u uslugama pla\u0107anja, zapo\u0161ljavamo izvrsne ljude i nudimo im karijeru u jednoj od najperspektivnijih grana privrede\",\"breadcrumb\":{\"@id\":\"https:\/\/new.allsecure.rs\/?page_id=2557#breadcrumb\"},\"inLanguage\":\"en-US\",\"potentialAction\":[{\"@type\":\"ReadAction\",\"target\":[\"https:\/\/new.allsecure.rs\/?page_id=2557\"]}]},{\"@type\":\"ImageObject\",\"inLanguage\":\"en-US\",\"@id\":\"https:\/\/new.allsecure.rs\/?page_id=2557#primaryimage\",\"url\":\"https:\/\/new.allsecure.rs\/wp-content\/uploads\/2021\/03\/section-careers.png\",\"contentUrl\":\"https:\/\/new.allsecure.rs\/wp-content\/uploads\/2021\/03\/section-careers.png\",\"width\":537,\"height\":329,\"caption\":\"career\"},{\"@type\":\"BreadcrumbList\",\"@id\":\"https:\/\/new.allsecure.rs\/?page_id=2557#breadcrumb\",\"itemListElement\":[{\"@type\":\"ListItem\",\"position\":1,\"name\":\"Home\",\"item\":\"https:\/\/new.allsecure.rs\/\"},{\"@type\":\"ListItem\",\"position\":2,\"name\":\"About\",\"item\":\"https:\/\/new.allsecure.rs\/?page_id=2552\"},{\"@type\":\"ListItem\",\"position\":3,\"name\":\"Karijera\"}]},{\"@type\":\"WebSite\",\"@id\":\"https:\/\/new.allsecure.rs\/#website\",\"url\":\"https:\/\/new.allsecure.rs\/\",\"name\":\"allsecure.rs\",\"description\":\"\",\"potentialAction\":[{\"@type\":\"SearchAction\",\"target\":{\"@type\":\"EntryPoint\",\"urlTemplate\":\"https:\/\/new.allsecure.rs\/?s={search_term_string}\"},\"query-input\":{\"@type\":\"PropertyValueSpecification\",\"valueRequired\":true,\"valueName\":\"search_term_string\"}}],\"inLanguage\":\"en-US\"}]}<\/script>\n<!-- \/ Yoast SEO Premium plugin. -->","yoast_head_json":{"title":"Karijera u industriji elektronskih pla\u0107anja - allsecure.rs","description":"Kao jedan od pionira u uslugama pla\u0107anja, zapo\u0161ljavamo izvrsne ljude i nudimo im karijeru u jednoj od najperspektivnijih grana privrede","robots":{"index":"noindex","follow":"follow","max-snippet":"max-snippet:-1","max-image-preview":"max-image-preview:large","max-video-preview":"max-video-preview:-1"},"og_locale":"en_US","og_type":"article","og_title":"Karijera u industriji elektronskih pla\u0107anja - allsecure.rs","og_description":"Kao jedan od pionira u uslugama pla\u0107anja, zapo\u0161ljavamo izvrsne ljude i nudimo im karijeru u jednoj od najperspektivnijih grana privrede","og_url":"https:\/\/new.allsecure.rs\/?page_id=2557","og_site_name":"allsecure.rs","og_image":[{"url":"https:\/\/new.allsecure.rs\/wp-content\/uploads\/2021\/03\/section-careers.png","type":"","width":"","height":""}],"twitter_card":"summary_large_image","twitter_title":"Karijera u industriji elektronskih pla\u0107anja - allsecure.rs","twitter_description":"Kao jedan od pionira u uslugama pla\u0107anja, zapo\u0161ljavamo izvrsne ljude i nudimo im karijeru u jednoj od najperspektivnijih grana privrede","twitter_misc":{"Est. reading time":"2 minutes"},"schema":{"@context":"https:\/\/schema.org","@graph":[{"@type":"WebPage","@id":"https:\/\/new.allsecure.rs\/?page_id=2557","url":"https:\/\/new.allsecure.rs\/?page_id=2557","name":"Karijera u industriji elektronskih pla\u0107anja - allsecure.rs","isPartOf":{"@id":"https:\/\/new.allsecure.rs\/#website"},"primaryImageOfPage":{"@id":"https:\/\/new.allsecure.rs\/?page_id=2557#primaryimage"},"image":{"@id":"https:\/\/new.allsecure.rs\/?page_id=2557#primaryimage"},"thumbnailUrl":"https:\/\/new.allsecure.rs\/wp-content\/uploads\/2021\/03\/section-careers.png","datePublished":"2021-03-25T10:20:19+00:00","description":"Kao jedan od pionira u uslugama pla\u0107anja, zapo\u0161ljavamo izvrsne ljude i nudimo im karijeru u jednoj od najperspektivnijih grana privrede","breadcrumb":{"@id":"https:\/\/new.allsecure.rs\/?page_id=2557#breadcrumb"},"inLanguage":"en-US","potentialAction":[{"@type":"ReadAction","target":["https:\/\/new.allsecure.rs\/?page_id=2557"]}]},{"@type":"ImageObject","inLanguage":"en-US","@id":"https:\/\/new.allsecure.rs\/?page_id=2557#primaryimage","url":"https:\/\/new.allsecure.rs\/wp-content\/uploads\/2021\/03\/section-careers.png","contentUrl":"https:\/\/new.allsecure.rs\/wp-content\/uploads\/2021\/03\/section-careers.png","width":537,"height":329,"caption":"career"},{"@type":"BreadcrumbList","@id":"https:\/\/new.allsecure.rs\/?page_id=2557#breadcrumb","itemListElement":[{"@type":"ListItem","position":1,"name":"Home","item":"https:\/\/new.allsecure.rs\/"},{"@type":"ListItem","position":2,"name":"About","item":"https:\/\/new.allsecure.rs\/?page_id=2552"},{"@type":"ListItem","position":3,"name":"Karijera"}]},{"@type":"WebSite","@id":"https:\/\/new.allsecure.rs\/#website","url":"https:\/\/new.allsecure.rs\/","name":"allsecure.rs","description":"","potentialAction":[{"@type":"SearchAction","target":{"@type":"EntryPoint","urlTemplate":"https:\/\/new.allsecure.rs\/?s={search_term_string}"},"query-input":{"@type":"PropertyValueSpecification","valueRequired":true,"valueName":"search_term_string"}}],"inLanguage":"en-US"}]}},"_links":{"self":[{"href":"https:\/\/new.allsecure.rs\/index.php?rest_route=\/wp\/v2\/pages\/2557","targetHints":{"allow":["GET"]}}],"collection":[{"href":"https:\/\/new.allsecure.rs\/index.php?rest_route=\/wp\/v2\/pages"}],"about":[{"href":"https:\/\/new.allsecure.rs\/index.php?rest_route=\/wp\/v2\/types\/page"}],"author":[{"embeddable":true,"href":"https:\/\/new.allsecure.rs\/index.php?rest_route=\/wp\/v2\/users\/1"}],"replies":[{"embeddable":true,"href":"https:\/\/new.allsecure.rs\/index.php?rest_route=%2Fwp%2Fv2%2Fcomments&post=2557"}],"version-history":[{"count":0,"href":"https:\/\/new.allsecure.rs\/index.php?rest_route=\/wp\/v2\/pages\/2557\/revisions"}],"up":[{"embeddable":true,"href":"https:\/\/new.allsecure.rs\/index.php?rest_route=\/wp\/v2\/pages\/2552"}],"wp:attachment":[{"href":"https:\/\/new.allsecure.rs\/index.php?rest_route=%2Fwp%2Fv2%2Fmedia&parent=2557"}],"curies":[{"name":"wp","href":"https:\/\/api.w.org\/{rel}","templated":true}]}}